{"id":85,"date":"2010-12-25T16:39:31","date_gmt":"2010-12-25T16:39:31","guid":{"rendered":"http:\/\/www.doppeladler.com\/da\/?page_id=85"},"modified":"2011-06-16T10:22:32","modified_gmt":"2011-06-16T08:22:32","slug":"veranstaltungen","status":"publish","type":"page","link":"https:\/\/www.doppeladler.com\/da\/veranstaltungen\/","title":{"rendered":"VERANSTALTUNGEN"},"content":{"rendered":"<p>Hier finden Sie unsere Veranstaltungshinweise. <strong>Bitte z\u00f6gern Sie nicht und schicken Sie uns Ihre Veranstaltungstipps zu!<\/strong> Besonders einfach: stellen Sie Ihre Veranstaltung im Forum vor!<\/p>\n<p><strong>UNSERE VERANSTALTUNGSHINWEISE<br \/>\n<\/strong><\/p>\n<p>[events_show]<\/p>\n<p><strong>Kurznachrichten zu Veranstaltungen<\/strong>: <a title=\"Veranstaltungen\" href=\"https:\/\/www.doppeladler.com\/da\/?tag=veranstaltung\" target=\"_self\">hier klicken!<\/a><\/p>\n<p><strong>UNSER VERANSTALTUNGSARCHIV<\/strong><\/p>\n<p>[events_show type=&#8220;archive&#8220;]<\/p>\n<p>Hinweis: Alle Angaben ohne Gew\u00e4hr! Terminverschiebungen und Irrt\u00fcmer m\u00f6glich!<\/p>\n","protected":false},"excerpt":{"rendered":"<p>Hier finden Sie unsere Veranstaltungshinweise. Bitte z\u00f6gern Sie nicht und schicken Sie uns Ihre Veranstaltungstipps zu! Besonders einfach: stellen Sie Ihre Veranstaltung im Forum vor! UNSERE VERANSTALTUNGSHINWEISE [events_show] Kurznachrichten zu&hellip;<\/p>\n","protected":false},"author":1,"featured_media":0,"parent":0,"menu_order":0,"comment_status":"open","ping_status":"open","template":"","meta":{"footnotes":""},"yoast_head":"<!-- This site is optimized with the Yoast SEO plugin v23.3 - https:\/\/yoast.com\/wordpress\/plugins\/seo\/ -->\n<title>VERANSTALTUNGEN | DOPPELADLER.COM<\/title>\n<meta name=\"description\" content=\"Hinweise zu Veranstaltungen des Bundesheeres, Airshows in und um \u00d6sterreich sowie zu Veranstaltungen mit milit\u00e4rhistorischen Hintergrund.\" \/>\n<meta name=\"robots\" content=\"index, follow, max-snippet:-1, max-image-preview:large, max-video-preview:-1\" \/>\n<link rel=\"canonical\" href=\"https:\/\/www.doppeladler.com\/da\/veranstaltungen\/\" \/>\n<script type=\"application\/ld+json\" class=\"yoast-schema-graph\">{\"@context\":\"https:\/\/schema.org\",\"@graph\":[{\"@type\":\"WebPage\",\"@id\":\"https:\/\/www.doppeladler.com\/da\/veranstaltungen\/\",\"url\":\"https:\/\/www.doppeladler.com\/da\/veranstaltungen\/\",\"name\":\"VERANSTALTUNGEN | DOPPELADLER.COM\",\"isPartOf\":{\"@id\":\"https:\/\/www.doppeladler.com\/da\/#website\"},\"datePublished\":\"2010-12-25T16:39:31+00:00\",\"dateModified\":\"2011-06-16T08:22:32+00:00\",\"description\":\"Hinweise zu Veranstaltungen des Bundesheeres, Airshows in und um \u00d6sterreich sowie zu Veranstaltungen mit milit\u00e4rhistorischen Hintergrund.\",\"breadcrumb\":{\"@id\":\"https:\/\/www.doppeladler.com\/da\/veranstaltungen\/#breadcrumb\"},\"inLanguage\":\"de\",\"potentialAction\":[{\"@type\":\"ReadAction\",\"target\":[\"https:\/\/www.doppeladler.com\/da\/veranstaltungen\/\"]}]},{\"@type\":\"BreadcrumbList\",\"@id\":\"https:\/\/www.doppeladler.com\/da\/veranstaltungen\/#breadcrumb\",\"itemListElement\":[{\"@type\":\"ListItem\",\"position\":1,\"name\":\"Startseite\",\"item\":\"https:\/\/www.doppeladler.com\/da\/\"},{\"@type\":\"ListItem\",\"position\":2,\"name\":\"VERANSTALTUNGEN\"}]},{\"@type\":\"WebSite\",\"@id\":\"https:\/\/www.doppeladler.com\/da\/#website\",\"url\":\"https:\/\/www.doppeladler.com\/da\/\",\"name\":\"DOPPELADLER.COM\",\"description\":\"Plattform f\u00fcr \u00d6sterreichs Milit\u00e4rgeschichte\",\"potentialAction\":[{\"@type\":\"SearchAction\",\"target\":{\"@type\":\"EntryPoint\",\"urlTemplate\":\"https:\/\/www.doppeladler.com\/da\/?s={search_term_string}\"},\"query-input\":\"required name=search_term_string\"}],\"inLanguage\":\"de\"}]}<\/script>\n<!-- \/ Yoast SEO plugin. -->","yoast_head_json":{"title":"VERANSTALTUNGEN | DOPPELADLER.COM","description":"Hinweise zu Veranstaltungen des Bundesheeres, Airshows in und um \u00d6sterreich sowie zu Veranstaltungen mit milit\u00e4rhistorischen Hintergrund.","robots":{"index":"index","follow":"follow","max-snippet":"max-snippet:-1","max-image-preview":"max-image-preview:large","max-video-preview":"max-video-preview:-1"},"canonical":"https:\/\/www.doppeladler.com\/da\/veranstaltungen\/","schema":{"@context":"https:\/\/schema.org","@graph":[{"@type":"WebPage","@id":"https:\/\/www.doppeladler.com\/da\/veranstaltungen\/","url":"https:\/\/www.doppeladler.com\/da\/veranstaltungen\/","name":"VERANSTALTUNGEN | DOPPELADLER.COM","isPartOf":{"@id":"https:\/\/www.doppeladler.com\/da\/#website"},"datePublished":"2010-12-25T16:39:31+00:00","dateModified":"2011-06-16T08:22:32+00:00","description":"Hinweise zu Veranstaltungen des Bundesheeres, Airshows in und um \u00d6sterreich sowie zu Veranstaltungen mit milit\u00e4rhistorischen Hintergrund.","breadcrumb":{"@id":"https:\/\/www.doppeladler.com\/da\/veranstaltungen\/#breadcrumb"},"inLanguage":"de","potentialAction":[{"@type":"ReadAction","target":["https:\/\/www.doppeladler.com\/da\/veranstaltungen\/"]}]},{"@type":"BreadcrumbList","@id":"https:\/\/www.doppeladler.com\/da\/veranstaltungen\/#breadcrumb","itemListElement":[{"@type":"ListItem","position":1,"name":"Startseite","item":"https:\/\/www.doppeladler.com\/da\/"},{"@type":"ListItem","position":2,"name":"VERANSTALTUNGEN"}]},{"@type":"WebSite","@id":"https:\/\/www.doppeladler.com\/da\/#website","url":"https:\/\/www.doppeladler.com\/da\/","name":"DOPPELADLER.COM","description":"Plattform f\u00fcr \u00d6sterreichs Milit\u00e4rgeschichte","potentialAction":[{"@type":"SearchAction","target":{"@type":"EntryPoint","urlTemplate":"https:\/\/www.doppeladler.com\/da\/?s={search_term_string}"},"query-input":"required name=search_term_string"}],"inLanguage":"de"}]}},"_links":{"self":[{"href":"https:\/\/www.doppeladler.com\/da\/wp-json\/wp\/v2\/pages\/85"}],"collection":[{"href":"https:\/\/www.doppeladler.com\/da\/wp-json\/wp\/v2\/pages"}],"about":[{"href":"https:\/\/www.doppeladler.com\/da\/wp-json\/wp\/v2\/types\/page"}],"author":[{"embeddable":true,"href":"https:\/\/www.doppeladler.com\/da\/wp-json\/wp\/v2\/users\/1"}],"replies":[{"embeddable":true,"href":"https:\/\/www.doppeladler.com\/da\/wp-json\/wp\/v2\/comments?post=85"}],"version-history":[{"count":0,"href":"https:\/\/www.doppeladler.com\/da\/wp-json\/wp\/v2\/pages\/85\/revisions"}],"wp:attachment":[{"href":"https:\/\/www.doppeladler.com\/da\/wp-json\/wp\/v2\/media?parent=85"}],"curies":[{"name":"wp","href":"https:\/\/api.w.org\/{rel}","templated":true}]}}