{"id":487,"date":"2011-03-23T18:53:34","date_gmt":"2011-03-23T17:53:34","guid":{"rendered":"http:\/\/www.doppeladler.com\/da\/links-sonstige\/"},"modified":"2014-03-23T20:04:57","modified_gmt":"2014-03-23T19:04:57","slug":"links-sonstige","status":"publish","type":"page","link":"https:\/\/www.doppeladler.com\/da\/links\/links-sonstige\/","title":{"rendered":"LINKS &#8211; SONSTIGE"},"content":{"rendered":"<ul>\n<li><a href=\"http:\/\/www.bmi.gv.at\/cms\/bmi_eko_cobra\/\" target=\"_blank\"><strong>Einsatzkommando Cobra<\/strong> &#8211; die offizielle Website der Eliteeinheit des Innenministeriums.<\/a><\/li>\n<li><a href=\"http:\/\/www.tuttostoria.net\" target=\"_blank\"><strong>Tuttostoria.net<\/strong> &#8211; \u00e4u\u00dferst umfangreiche Website \u00fcber Milit\u00e4rgeschichte im Allgemeinen. In italienischer Sprache.<\/a><\/li>\n<li><a href=\"http:\/\/www.austrianwings.info\" target=\"_blank\"><strong>Austrian Wings<\/strong> &#8211; Ein Luftfahrtmagazin, welches sich schwerpunktm\u00e4\u00dfig mit der Verkehrsluftfahrt in \u00d6sterreich besch\u00e4ftigt.<\/a><\/li>\n<\/ul>\n<p><strong>Deutsche Wehrmacht<\/strong><\/p>\n<ul>\n<li><a href=\"http:\/\/www.uboat.net\" target=\"_blank\"><strong>Das U-Boot-Netzwerk<\/strong> &#8211; Plattform \u00fcber deutsche U-Boote des 2. Weltkrieges. Viele Photos der User! In englischer Sprache<\/a><\/li>\n<li><a href=\"http:\/\/www.prinzeugen.com\" target=\"_blank\"><strong>PrinzEugen.com<\/strong> &#8211; Deutsche Kriegsmarine. Schwerpunktthemen: die Prinz Eugen und die deutschen Schnellboote des 2. Weltkriegs.<\/a><\/li>\n<li><a href=\"http:\/\/rlm.at\" target=\"_blank\"><strong>rlm.at &#8211; die Luftwaffe im Modell<\/strong> &#8211; Die gelungene Seite besch\u00e4ftigt sich mit der deutschen Luftwaffe des 2. Weltkriegs. Die Modelle sind nicht nur sch\u00f6n gebaut, sondern auch perfekt fotographiert. Fotoreportagen von verschiedenen Modellbauwettbewerben runden das Angebot ab.<\/a><\/li>\n<\/ul>\n<p><strong>Nachrichten zu Sicherheit und Verteidigung<\/strong><\/p>\n<ul>\n<li><a href=\"http:\/\/www.army-technology.com\" target=\"_blank\"><strong>Army-Technology<\/strong> &#8211; Website der R\u00fcstungsunternehmen der Landstreitkr\u00e4fte. Viele \u00fcbersichtliche Profile. Nat\u00fcrlich ist auch der Pandur und der Ulan vertreten. Englisch.<\/a><\/li>\n<li><a href=\"http:\/\/www.airforce-technology.com\" target=\"_blank\"><strong>Airforce-Technology<\/strong> &#8211; Website der Flugzeughersteller. Viele \u00fcbersichtliche Profile. Englisch.<\/a><\/li>\n<li><a href=\"http:\/\/www.naval-technology.com\" target=\"_blank\"><strong>Naval-Technology<\/strong> &#8211; Website der R\u00fcstungsunternehmen, die Schiffe bauen oder ausr\u00fcsten. Viele \u00fcbersichtliche Profile. Englisch.<\/a><\/li>\n<li><a href=\"http:\/\/www.janes.com\" target=\"_blank\"><strong>Jane&#8217;s Information Group <\/strong>&#8211; gr\u00f6\u00dfter kommerzieller Anbieter von milit\u00e4rischen und geheimdienstlichen Informationen<\/a><\/li>\n<li><a href=\"http:\/\/www.globaldefence.net\" target=\"_blank\"><strong>Globaldefence.net<\/strong> &#8211; Die deutschsprachige private Plattform bietet Informationen zu den Streitkr\u00e4ften weltweit, L\u00e4nderdossiers und Hintergrundberichte<\/a><\/li>\n<li><a href=\"http:\/\/www.defenceindustrydaily.com\" target=\"_blank\"><strong>Defence Industry Daily<\/strong> &#8211; Military Purchasing News for Defense Procurement Managers and Contractors. <\/a><\/li>\n<li><a href=\"http:\/\/www.europaeische-sicherheit.de\" target=\"_blank\"><strong>Europ\u00e4ische Sicherheit<\/strong> &#8211; Deutsches Magazin \u00fcber europ\u00e4ische Sicherheitsfragen<\/a><\/li>\n<li><a href=\"http:\/\/www.soldat-und-technik.de\" target=\"_blank\"><strong>Soldat und Technik<\/strong> &#8211; Deutsches Magazin \u00fcber Wehrtechnik und Sicherheitspolitik. Schwerpunkt: Deutsche Bundeswehr<\/a><\/li>\n<\/ul>\n<p><strong>R\u00fcstungsunternehmen<\/strong><\/p>\n<ul>\n<li><a title=\"GDELS\" href=\"http:\/\/www.gdels.com\" target=\"_blank\"><strong><span class=\"st\">General Dynamics European Land Systems (<\/span>GDELS)<\/strong> ist Eigent\u00fcmer der ehemaligen Steyr-Daimler-Puch Spezialfahrzeug GmbH &#8211; \u00d6sterreichs &#8222;Panzerschmiede&#8220; &#8211; Erzeuger des Radpanzers Pandur, des Sch\u00fctzenpanzers Ulan, des Jagdpanzers K\u00fcrassier etc.<\/a><\/li>\n<li><a href=\"http:\/\/www.steyr-mannlicher.com\" target=\"_blank\"><strong>Steyr Mannlicher GmbH &amp; Co. KG<\/strong> &#8211; Handfeuerwaffen made in Austria. U.a. der Erzeuger des StG-77. <\/a><\/li>\n<li><a href=\"http:\/\/www.glock.at\" target=\"_blank\"><strong>Glock GmbH<\/strong> &#8211; Die Homepage der weltweit gesch\u00e4tzten Pistolen der Firma Glock <\/a><\/li>\n<li><a href=\"http:\/\/www.kmweg.de\" target=\"_blank\"><strong>Krauss-Maffei Wegmann (KMW) GmbH &amp; Co. KG<\/strong> &#8211; Deutschlands &#8222;Panzerschmiede&#8220; &#8211; Erzeuger des Kampfpanzers Leopard, des Allschutzfahrzeugs Dingo etc.<\/a><\/li>\n<\/ul>\n<p><strong>Modellbau Allgemein<\/strong><\/p>\n<ul>\n<li><a title=\"The Modeller\" href=\"http:\/\/www.doppeladler.com\/themodeller\" target=\"_blank\"><strong>The Modeller<\/strong> &#8211; \u00d6sterreichs Milit\u00e4rgeschichte durch die Modellbaubrille. \u00dcbersicht \u00fcber Angebote am Markt. Auch selbst erzeugte Produkte<\/a><\/li>\n<li><a href=\"http:\/\/www.aircraftresourcecenter.com\" target=\"_blank\"><strong>Aircraft-Resource-Center <\/strong>&#8211; Jeder, der ein Flugzeugmodell bauen m\u00f6chte, sollte vorher einmal einen Blick auf diese Seite geworfen haben. Neben englischsprachigen Modellbeschreibungen finden Sie dort auch Walk Arounds um die Originale etc.<\/a><\/li>\n<li><a href=\"http:\/\/www.diorama.at\" target=\"_blank\"><strong>Diorama.at <\/strong>&#8211; \u00d6sterreichische Modellbauseite mit Schwerpunkt auf den Zweiten Weltkrieg<\/a><\/li>\n<\/ul>\n<p><strong>Modellbau &#8211; Shops und Buchhandlungen<\/strong><\/p>\n<ul>\n<li><a href=\"http:\/\/www.modellbaustube.com\" target=\"_blank\"><strong>D\u00f6blinger Modellbaustube<\/strong> &#8211; 1190 Wien, D\u00f6blinger Hauptstra\u00dfe 87 &#8211; f\u00fchrt The Modeller<\/a><\/li>\n<li><a href=\"http:\/\/www.modellbau-paul.at\" target=\"_blank\"><strong>MPV &#8211; Modellbau Paul Vienna <\/strong>&#8211; 1170 Wien, Kalvarienberggasse 58 &#8211; f\u00fchrt The Modeller.<\/a><\/li>\n<li><a href=\"http:\/\/www.buchhandlung-stoehr.at\" target=\"_blank\"><strong>Buchhandlung St\u00f6hr<\/strong> &#8211; Fachbuchhandlung zu \u00d6sterreichs Milit\u00e4rgeschichte &#8211; f\u00fchrt auch die The Modeller Typenbl\u00e4tter.<\/a><\/li>\n<li><a href=\"http:\/\/members.chello.at\/fischermodell\" target=\"_blank\"><strong>Fischer-Modell<\/strong> &#8211; k.u.k. B\u00fcsten aus eigener Fertigung &#8211; einer unserer Partner<\/a><\/li>\n<li><a href=\"members.chello.at\/friedrich.kermauner\/deutsch\/krieg.html\" target=\"_blank\"><strong>k.u.k. Schiffsmodelle 1:1250<\/strong> &#8211; Umfangreiche Liste \u00fcber Zinn-Fertigmodelle (u.a. Trident) unter:<\/a><\/li>\n<li><a href=\"http:\/\/www.modelwarships.com\/index1.html\" target=\"_blank\"><strong>Modelwarships <\/strong>&#8211; Modelle von Kriegsschiffen &#8211; weltweit gr\u00f6\u00dfte Website zu diesem Thema. Noch gibt es hier aber kaum k.u.k. Beitr\u00e4ge<\/a><\/li>\n<\/ul>\n<p><strong>Milit\u00e4r-Shops <\/strong>(Ausr\u00fcstung \/ Bekleidung etc.)<\/p>\n<ul>\n<li><a title=\"COMRADE\" href=\"http:\/\/www.comrade.at\" target=\"_blank\"><strong>COMRADE<\/strong> &#8211; Online-Milit\u00e4rfachhandel und Milit\u00e4r Shop f\u00fcr Milit\u00e4rbekleidung, Milit\u00e4rausr\u00fcstung, Bundesheer und Bundeswehr.<\/a><\/li>\n<\/ul>\n<p><strong>Modellbau &#8211; Vereine<\/strong><\/p>\n<ul>\n<li><a href=\"http:\/\/www.doppeladler.com\/hsv-info\/\" target=\"_blank\"><strong>HSV Modellbau<\/strong> &#8211; der Heeresportverein Modellbau stellt sich vor. Informationen \u00fcber die Vereinszeitung HSV-Info.<\/a><\/li>\n<li><a href=\"http:\/\/www.hsvstm.at\" target=\"_blank\"><strong>HSV St. Michael<\/strong> &#8211; der Heeresportverein St. Michael gliedert sich u.a. in eine Sektion f\u00fcr Modellbau (Hobby) und f\u00fcr RC-Helikopter.<\/a><\/li>\n<li><a title=\"FHS \u2013 FREUNDE HISTORISCHER SCHIFFE\" href=\"https:\/\/www.doppeladler.com\/da\/misc\/fhs\/fhs\/\" target=\"_blank\"><strong>FHS Sektion Modellbau<\/strong> &#8211; Website der Modellbau-Sektion der Freunde Historischer Schiffe.<\/a><\/li>\n<li><a href=\"http:\/\/www.ipms.at\" target=\"_blank\"><strong>IPMS &#8211; Austria<\/strong> &#8211; Die Website der Austrian Branch der International Plastic Modellers Society. Mit Shop f\u00fcr Modellbau-Artikel mit \u00d6sterreich-Bezug<\/a><\/li>\n<li><a href=\"http:\/\/www.igu-austria.org\" target=\"_blank\"><strong>IG Modell-U-Boote &#8211; Austria<\/strong> &#8211; Die Interessengemeinschaft Modell-U-Boote Austria besch\u00e4ftigt sich mit Funktions- und Standmodellen von U-Booten. Den Schwehrpunkt bilden die deutschen U-Boote aus dem 2. Weltkrieg<\/a><\/li>\n<\/ul>\n","protected":false},"excerpt":{"rendered":"<p>Einsatzkommando Cobra &#8211; die offizielle Website der Eliteeinheit des Innenministeriums. Tuttostoria.net &#8211; \u00e4u\u00dferst umfangreiche Website \u00fcber Milit\u00e4rgeschichte im Allgemeinen. In italienischer Sprache. Austrian Wings &#8211; Ein Luftfahrtmagazin, welches sich schwerpunktm\u00e4\u00dfig&hellip;<\/p>\n","protected":false},"author":1,"featured_media":0,"parent":168,"menu_order":0,"comment_status":"open","ping_status":"closed","template":"","meta":{"footnotes":""},"yoast_head":"<!-- This site is optimized with the Yoast SEO plugin v23.3 - https:\/\/yoast.com\/wordpress\/plugins\/seo\/ -->\n<title>LINKS - SONSTIGE | DOPPELADLER.COM<\/title>\n<meta name=\"description\" content=\"Einsatzkommando Cobra - die offizielle Website der Eliteeinheit des Innenministeriums. Tuttostoria.net - \u00e4u\u00dferst umfangreiche Website \u00fcber\" \/>\n<meta name=\"robots\" content=\"index, follow, max-snippet:-1, max-image-preview:large, max-video-preview:-1\" \/>\n<link rel=\"canonical\" href=\"https:\/\/www.doppeladler.com\/da\/links\/links-sonstige\/\" \/>\n<meta name=\"twitter:label1\" content=\"Gesch\u00e4tzte Lesezeit\" \/>\n\t<meta name=\"twitter:data1\" content=\"3\u00a0Minuten\" \/>\n<script type=\"application\/ld+json\" class=\"yoast-schema-graph\">{\"@context\":\"https:\/\/schema.org\",\"@graph\":[{\"@type\":\"WebPage\",\"@id\":\"https:\/\/www.doppeladler.com\/da\/links\/links-sonstige\/\",\"url\":\"https:\/\/www.doppeladler.com\/da\/links\/links-sonstige\/\",\"name\":\"LINKS - SONSTIGE | DOPPELADLER.COM\",\"isPartOf\":{\"@id\":\"https:\/\/www.doppeladler.com\/da\/#website\"},\"datePublished\":\"2011-03-23T17:53:34+00:00\",\"dateModified\":\"2014-03-23T19:04:57+00:00\",\"description\":\"Einsatzkommando Cobra - die offizielle Website der Eliteeinheit des Innenministeriums. Tuttostoria.net - \u00e4u\u00dferst umfangreiche Website \u00fcber\",\"breadcrumb\":{\"@id\":\"https:\/\/www.doppeladler.com\/da\/links\/links-sonstige\/#breadcrumb\"},\"inLanguage\":\"de\",\"potentialAction\":[{\"@type\":\"ReadAction\",\"target\":[\"https:\/\/www.doppeladler.com\/da\/links\/links-sonstige\/\"]}]},{\"@type\":\"BreadcrumbList\",\"@id\":\"https:\/\/www.doppeladler.com\/da\/links\/links-sonstige\/#breadcrumb\",\"itemListElement\":[{\"@type\":\"ListItem\",\"position\":1,\"name\":\"Startseite\",\"item\":\"https:\/\/www.doppeladler.com\/da\/\"},{\"@type\":\"ListItem\",\"position\":2,\"name\":\"LINKS\",\"item\":\"https:\/\/www.doppeladler.com\/da\/links\/\"},{\"@type\":\"ListItem\",\"position\":3,\"name\":\"LINKS &#8211; SONSTIGE\"}]},{\"@type\":\"WebSite\",\"@id\":\"https:\/\/www.doppeladler.com\/da\/#website\",\"url\":\"https:\/\/www.doppeladler.com\/da\/\",\"name\":\"DOPPELADLER.COM\",\"description\":\"Plattform f\u00fcr \u00d6sterreichs Milit\u00e4rgeschichte\",\"potentialAction\":[{\"@type\":\"SearchAction\",\"target\":{\"@type\":\"EntryPoint\",\"urlTemplate\":\"https:\/\/www.doppeladler.com\/da\/?s={search_term_string}\"},\"query-input\":\"required name=search_term_string\"}],\"inLanguage\":\"de\"}]}<\/script>\n<!-- \/ Yoast SEO plugin. -->","yoast_head_json":{"title":"LINKS - SONSTIGE | DOPPELADLER.COM","description":"Einsatzkommando Cobra - die offizielle Website der Eliteeinheit des Innenministeriums. Tuttostoria.net - \u00e4u\u00dferst umfangreiche Website \u00fcber","robots":{"index":"index","follow":"follow","max-snippet":"max-snippet:-1","max-image-preview":"max-image-preview:large","max-video-preview":"max-video-preview:-1"},"canonical":"https:\/\/www.doppeladler.com\/da\/links\/links-sonstige\/","twitter_misc":{"Gesch\u00e4tzte Lesezeit":"3\u00a0Minuten"},"schema":{"@context":"https:\/\/schema.org","@graph":[{"@type":"WebPage","@id":"https:\/\/www.doppeladler.com\/da\/links\/links-sonstige\/","url":"https:\/\/www.doppeladler.com\/da\/links\/links-sonstige\/","name":"LINKS - SONSTIGE | DOPPELADLER.COM","isPartOf":{"@id":"https:\/\/www.doppeladler.com\/da\/#website"},"datePublished":"2011-03-23T17:53:34+00:00","dateModified":"2014-03-23T19:04:57+00:00","description":"Einsatzkommando Cobra - die offizielle Website der Eliteeinheit des Innenministeriums. Tuttostoria.net - \u00e4u\u00dferst umfangreiche Website \u00fcber","breadcrumb":{"@id":"https:\/\/www.doppeladler.com\/da\/links\/links-sonstige\/#breadcrumb"},"inLanguage":"de","potentialAction":[{"@type":"ReadAction","target":["https:\/\/www.doppeladler.com\/da\/links\/links-sonstige\/"]}]},{"@type":"BreadcrumbList","@id":"https:\/\/www.doppeladler.com\/da\/links\/links-sonstige\/#breadcrumb","itemListElement":[{"@type":"ListItem","position":1,"name":"Startseite","item":"https:\/\/www.doppeladler.com\/da\/"},{"@type":"ListItem","position":2,"name":"LINKS","item":"https:\/\/www.doppeladler.com\/da\/links\/"},{"@type":"ListItem","position":3,"name":"LINKS &#8211; SONSTIGE"}]},{"@type":"WebSite","@id":"https:\/\/www.doppeladler.com\/da\/#website","url":"https:\/\/www.doppeladler.com\/da\/","name":"DOPPELADLER.COM","description":"Plattform f\u00fcr \u00d6sterreichs Milit\u00e4rgeschichte","potentialAction":[{"@type":"SearchAction","target":{"@type":"EntryPoint","urlTemplate":"https:\/\/www.doppeladler.com\/da\/?s={search_term_string}"},"query-input":"required name=search_term_string"}],"inLanguage":"de"}]}},"_links":{"self":[{"href":"https:\/\/www.doppeladler.com\/da\/wp-json\/wp\/v2\/pages\/487"}],"collection":[{"href":"https:\/\/www.doppeladler.com\/da\/wp-json\/wp\/v2\/pages"}],"about":[{"href":"https:\/\/www.doppeladler.com\/da\/wp-json\/wp\/v2\/types\/page"}],"author":[{"embeddable":true,"href":"https:\/\/www.doppeladler.com\/da\/wp-json\/wp\/v2\/users\/1"}],"replies":[{"embeddable":true,"href":"https:\/\/www.doppeladler.com\/da\/wp-json\/wp\/v2\/comments?post=487"}],"version-history":[{"count":0,"href":"https:\/\/www.doppeladler.com\/da\/wp-json\/wp\/v2\/pages\/487\/revisions"}],"up":[{"embeddable":true,"href":"https:\/\/www.doppeladler.com\/da\/wp-json\/wp\/v2\/pages\/168"}],"wp:attachment":[{"href":"https:\/\/www.doppeladler.com\/da\/wp-json\/wp\/v2\/media?parent=487"}],"curies":[{"name":"wp","href":"https:\/\/api.w.org\/{rel}","templated":true}]}}