{"id":449,"date":"2011-03-22T19:30:08","date_gmt":"2011-03-22T18:30:08","guid":{"rendered":"http:\/\/www.doppeladler.com\/da\/?page_id=449"},"modified":"2011-03-23T10:47:50","modified_gmt":"2011-03-23T09:47:50","slug":"links-kuk","status":"publish","type":"page","link":"https:\/\/www.doppeladler.com\/da\/links\/links-kuk\/","title":{"rendered":"LINKS &#8211; K.U.K. MONARCHIE"},"content":{"rendered":"<p>Nachfolgend finden Sie unsere Link-Empfehlungen zu Webseiten, die sich mit \u00d6sterreichs Milit\u00e4rgeschichte bis zum Jahr 1918 befassen:<\/p>\n<p><strong>k.u.k. Landstreitkr\u00e4fte \/ Allgemein<\/strong><\/p>\n<ul>\n<li><a href=\"http:\/\/www.austro-hungarian-army.co.uk\/\" target=\"_blank\"><strong>k.u.k. Landstreitkr\u00e4fte<\/strong> &#8211; englischsprachige Website zu einem im Internet wenig behandelten Thema.<\/a><\/li>\n<li><a href=\"http:\/\/www.moesslang.net\/fotos2.htm\" target=\"_blank\"><strong>Bunkeranlagen  vom 1. Weltkrieg in den Alpen<\/strong> &#8211; von den \u00f6sterreichischen  Fernkampfwerken und den italienischen Ex Forte in den Alpen.<\/a><\/li>\n<li><a href=\"http:\/\/www.kaiserjaegermuseum.org\" target=\"_blank\"><strong>Kaiserj\u00e4germuseum  Bergisel Innsbruck<\/strong> &#8211; umfangreiche Webseite \u00fcber das Museums selbst,  \u00fcber den Alt-Kaiserj\u00e4ger-Club und die Bergiselstiftung.<\/a><\/li>\n<li><a href=\"http:\/\/www.oldphoto.info\" target=\"_blank\"><strong>Antique  Military Photography 1860-1920<\/strong> &#8211; Umfangreiche Fotos und Informationen  \u00fcber die \u00f6sterreichisch-ungarische Armee 1860 &#8211; 1918 und \u00fcber die  tschechische Fremdenlegion in Frankreich, in Italien und in Russland  zwischen den Jahren 1914-1918. Leider sind die Bilder nur grob geordnet.  In englischer und tschechischer Sprache. <\/a><\/li>\n<li><a href=\"http:\/\/www.gebirgskrieg.at\" target=\"_blank\"><strong>Brenndende  S\u00fcdfront <\/strong>&#8211; Der Gebirgskrieg 1915 &#8211; 1918. Umfangreiche Website, die aus  vielen verschiedenen Blickwinkeln das Kriegsgeschehen an der S\u00fcdfront  dokumentiert. <\/a><\/li>\n<li><a href=\"http:\/\/www.donaumonarchie.com\" target=\"_blank\"><strong>Donaumonarchie <\/strong>&#8211; Die Donaumonarchie \u00d6sterreich-Ungarn in zeitgen\u00f6ssischen Postkarten und Texten.<\/a><\/li>\n<li><a href=\"http:\/\/www.aviationpower.com\" target=\"_blank\"><strong>Pischof  Autoplan<\/strong> &#8211; Website der Erbauer einer exakten Rekonstruktion des Pischof  Autoplans aus 1910 &#8211; einem Meilenstein in \u00d6sterreichs  Luftfahrtgeschichte . <\/a><\/li>\n<li><a href=\"http:\/\/www.mlorenz.at\" target=\"_blank\"><strong>\u00d6sterreich-Ungarns  bewaffnete Macht 1900-1914<\/strong> &#8211; Deutsch und englischsprachige Website \u00fcber  die Adjustierung, die Einheiten und die Dislokationen der k.u.k. Armee  1900-1914. <\/a><\/li>\n<li><a href=\"http:\/\/www.oefh.at\" target=\"_blank\"><strong>\u00d6FH  &#8211; \u00d6sterreichische Flugzeug Historiker<\/strong> &#8211; Die Homepage der  \u00d6sterreichischen Flugzeug Historiker enh\u00e4lt vor allem Infos zu den &#8222;\u00f6fh  nachrichten&#8220;. <\/a><\/li>\n<\/ul>\n<p><strong>k.u.k. Kriegsmarine<\/strong><\/p>\n<ul>\n<li><a href=\"http:\/\/croatian-treasure.com\/vis.html\" target=\"_blank\"><strong>The Battle of Vis<\/strong> &#8211; Informationen zur Seeschlacht von Vis. In englischer Sprache.<\/a><\/li>\n<li><a href=\"http:\/\/croatian-treasure.com\/main.html\" target=\"_blank\"><strong>The Tegetthoff-Class <\/strong>&#8211; Website \u00fcber die Tegetthoff &#8211; Klasse. In englischer Sprache.<\/a><\/li>\n<li><a href=\"http:\/\/www.kuk-kriegsmarine.at\" target=\"_blank\"><strong>kuk-kriegsmarine.at<\/strong> &#8211; Der Link sagt ja schon einiges aus. Die Schiffe, H\u00e4fen, Flugboote und  Besatzungen der Kriegsmarine im ersten Weltkrieg.<\/a><\/li>\n<li><a href=\"http:\/\/www.kriegsmarine.at\" target=\"_blank\"><strong>kriegsmarine.at<\/strong> &#8211; Die Schiffe der k.u.k Kriegsmarine auf alten Ansichtskarten und Photos. Seite von Tom Glaser.<\/a><\/li>\n<\/ul>\n<p><strong>Traditionstruppenk\u00f6rper<\/strong><\/p>\n<ul>\n<li><a href=\"http:\/\/www.ir84.at\" target=\"_blank\"><strong>Infanterieregiment  Nr. 84 &#8222;Freiherr von Bolfras&#8220;<\/strong> &#8211; Die Geschichte des InfRgt Nr.84 lebt  als Traditionstruppenk\u00f6rper der 3.PzGrenBrig weiter. Tugenden des  \u00d6sterr. Soldatentums und Kameradschaft stehen bei uns im Vordergrund.<\/a><\/li>\n<li> <a href=\"http:\/\/www.rad2.at\" target=\"_blank\"><strong>Traditionsbatterie  der Reitende Artilleriedivision Nr.2<\/strong> &#8211; Die Traditionsbatterie wurde  1992 in Wien gegr\u00fcndet. Auf ihrer Website informiert der  Traditionsverband \u00fcber k\u00fcnftige und vergangene Vorf\u00fchrungen mit  historischen Kanonen.<\/a><\/li>\n<\/ul>\n","protected":false},"excerpt":{"rendered":"<p>Nachfolgend finden Sie unsere Link-Empfehlungen zu Webseiten, die sich mit \u00d6sterreichs Milit\u00e4rgeschichte bis zum Jahr 1918 befassen: k.u.k. Landstreitkr\u00e4fte \/ Allgemein k.u.k. Landstreitkr\u00e4fte &#8211; englischsprachige Website zu einem im Internet&hellip;<\/p>\n","protected":false},"author":1,"featured_media":0,"parent":168,"menu_order":0,"comment_status":"open","ping_status":"open","template":"","meta":{"footnotes":""},"yoast_head":"<!-- This site is optimized with the Yoast SEO plugin v23.3 - https:\/\/yoast.com\/wordpress\/plugins\/seo\/ -->\n<title>LINKS - K.U.K. MONARCHIE | DOPPELADLER.COM<\/title>\n<meta name=\"description\" content=\"Nachfolgend finden Sie unsere Link-Empfehlungen zu Webseiten, die sich mit \u00d6sterreichs Milit\u00e4rgeschichte bis zum Jahr 1918 befassen: k.u.k.\" \/>\n<meta name=\"robots\" content=\"index, follow, max-snippet:-1, max-image-preview:large, max-video-preview:-1\" \/>\n<link rel=\"canonical\" href=\"https:\/\/www.doppeladler.com\/da\/links\/links-kuk\/\" \/>\n<meta name=\"twitter:label1\" content=\"Gesch\u00e4tzte Lesezeit\" \/>\n\t<meta name=\"twitter:data1\" content=\"2\u00a0Minuten\" \/>\n<script type=\"application\/ld+json\" class=\"yoast-schema-graph\">{\"@context\":\"https:\/\/schema.org\",\"@graph\":[{\"@type\":\"WebPage\",\"@id\":\"https:\/\/www.doppeladler.com\/da\/links\/links-kuk\/\",\"url\":\"https:\/\/www.doppeladler.com\/da\/links\/links-kuk\/\",\"name\":\"LINKS - K.U.K. MONARCHIE | DOPPELADLER.COM\",\"isPartOf\":{\"@id\":\"https:\/\/www.doppeladler.com\/da\/#website\"},\"datePublished\":\"2011-03-22T18:30:08+00:00\",\"dateModified\":\"2011-03-23T09:47:50+00:00\",\"description\":\"Nachfolgend finden Sie unsere Link-Empfehlungen zu Webseiten, die sich mit \u00d6sterreichs Milit\u00e4rgeschichte bis zum Jahr 1918 befassen: k.u.k.\",\"breadcrumb\":{\"@id\":\"https:\/\/www.doppeladler.com\/da\/links\/links-kuk\/#breadcrumb\"},\"inLanguage\":\"de\",\"potentialAction\":[{\"@type\":\"ReadAction\",\"target\":[\"https:\/\/www.doppeladler.com\/da\/links\/links-kuk\/\"]}]},{\"@type\":\"BreadcrumbList\",\"@id\":\"https:\/\/www.doppeladler.com\/da\/links\/links-kuk\/#breadcrumb\",\"itemListElement\":[{\"@type\":\"ListItem\",\"position\":1,\"name\":\"Startseite\",\"item\":\"https:\/\/www.doppeladler.com\/da\/\"},{\"@type\":\"ListItem\",\"position\":2,\"name\":\"LINKS\",\"item\":\"https:\/\/www.doppeladler.com\/da\/links\/\"},{\"@type\":\"ListItem\",\"position\":3,\"name\":\"LINKS &#8211; K.U.K. MONARCHIE\"}]},{\"@type\":\"WebSite\",\"@id\":\"https:\/\/www.doppeladler.com\/da\/#website\",\"url\":\"https:\/\/www.doppeladler.com\/da\/\",\"name\":\"DOPPELADLER.COM\",\"description\":\"Plattform f\u00fcr \u00d6sterreichs Milit\u00e4rgeschichte\",\"potentialAction\":[{\"@type\":\"SearchAction\",\"target\":{\"@type\":\"EntryPoint\",\"urlTemplate\":\"https:\/\/www.doppeladler.com\/da\/?s={search_term_string}\"},\"query-input\":\"required name=search_term_string\"}],\"inLanguage\":\"de\"}]}<\/script>\n<!-- \/ Yoast SEO plugin. -->","yoast_head_json":{"title":"LINKS - K.U.K. MONARCHIE | DOPPELADLER.COM","description":"Nachfolgend finden Sie unsere Link-Empfehlungen zu Webseiten, die sich mit \u00d6sterreichs Milit\u00e4rgeschichte bis zum Jahr 1918 befassen: k.u.k.","robots":{"index":"index","follow":"follow","max-snippet":"max-snippet:-1","max-image-preview":"max-image-preview:large","max-video-preview":"max-video-preview:-1"},"canonical":"https:\/\/www.doppeladler.com\/da\/links\/links-kuk\/","twitter_misc":{"Gesch\u00e4tzte Lesezeit":"2\u00a0Minuten"},"schema":{"@context":"https:\/\/schema.org","@graph":[{"@type":"WebPage","@id":"https:\/\/www.doppeladler.com\/da\/links\/links-kuk\/","url":"https:\/\/www.doppeladler.com\/da\/links\/links-kuk\/","name":"LINKS - K.U.K. MONARCHIE | DOPPELADLER.COM","isPartOf":{"@id":"https:\/\/www.doppeladler.com\/da\/#website"},"datePublished":"2011-03-22T18:30:08+00:00","dateModified":"2011-03-23T09:47:50+00:00","description":"Nachfolgend finden Sie unsere Link-Empfehlungen zu Webseiten, die sich mit \u00d6sterreichs Milit\u00e4rgeschichte bis zum Jahr 1918 befassen: k.u.k.","breadcrumb":{"@id":"https:\/\/www.doppeladler.com\/da\/links\/links-kuk\/#breadcrumb"},"inLanguage":"de","potentialAction":[{"@type":"ReadAction","target":["https:\/\/www.doppeladler.com\/da\/links\/links-kuk\/"]}]},{"@type":"BreadcrumbList","@id":"https:\/\/www.doppeladler.com\/da\/links\/links-kuk\/#breadcrumb","itemListElement":[{"@type":"ListItem","position":1,"name":"Startseite","item":"https:\/\/www.doppeladler.com\/da\/"},{"@type":"ListItem","position":2,"name":"LINKS","item":"https:\/\/www.doppeladler.com\/da\/links\/"},{"@type":"ListItem","position":3,"name":"LINKS &#8211; K.U.K. MONARCHIE"}]},{"@type":"WebSite","@id":"https:\/\/www.doppeladler.com\/da\/#website","url":"https:\/\/www.doppeladler.com\/da\/","name":"DOPPELADLER.COM","description":"Plattform f\u00fcr \u00d6sterreichs Milit\u00e4rgeschichte","potentialAction":[{"@type":"SearchAction","target":{"@type":"EntryPoint","urlTemplate":"https:\/\/www.doppeladler.com\/da\/?s={search_term_string}"},"query-input":"required name=search_term_string"}],"inLanguage":"de"}]}},"_links":{"self":[{"href":"https:\/\/www.doppeladler.com\/da\/wp-json\/wp\/v2\/pages\/449"}],"collection":[{"href":"https:\/\/www.doppeladler.com\/da\/wp-json\/wp\/v2\/pages"}],"about":[{"href":"https:\/\/www.doppeladler.com\/da\/wp-json\/wp\/v2\/types\/page"}],"author":[{"embeddable":true,"href":"https:\/\/www.doppeladler.com\/da\/wp-json\/wp\/v2\/users\/1"}],"replies":[{"embeddable":true,"href":"https:\/\/www.doppeladler.com\/da\/wp-json\/wp\/v2\/comments?post=449"}],"version-history":[{"count":0,"href":"https:\/\/www.doppeladler.com\/da\/wp-json\/wp\/v2\/pages\/449\/revisions"}],"up":[{"embeddable":true,"href":"https:\/\/www.doppeladler.com\/da\/wp-json\/wp\/v2\/pages\/168"}],"wp:attachment":[{"href":"https:\/\/www.doppeladler.com\/da\/wp-json\/wp\/v2\/media?parent=449"}],"curies":[{"name":"wp","href":"https:\/\/api.w.org\/{rel}","templated":true}]}}