{"id":168,"date":"2010-12-29T20:40:34","date_gmt":"2010-12-29T19:40:34","guid":{"rendered":"http:\/\/www.doppeladler.com\/da\/?page_id=168"},"modified":"2011-06-16T10:30:09","modified_gmt":"2011-06-16T08:30:09","slug":"links","status":"publish","type":"page","link":"https:\/\/www.doppeladler.com\/da\/links\/","title":{"rendered":"LINKS"},"content":{"rendered":"<p>Unser Linkverzeichnis nach Kategorien:<\/p>\n<ul>\n<li><a title=\"LINKS \u2013 K.U.K. MONARCHIE\" href=\"https:\/\/www.doppeladler.com\/da\/links\/links-kuk\/\"><strong>k.u.k. Monarchie<\/strong> &#8211; hier finden Sie unsere Link-Empfehlungen zu Webseiten, die sich mit \u00d6sterreichs Milit\u00e4rgeschichte bis zum Jahr 1918 befassen<\/a><\/li>\n<li><a href=\"https:\/\/www.doppeladler.com\/da\/links-oebh\/\"><strong>Bundesheer <\/strong>&#8211; hier finden Sie unsere Link-Empfehlungen zu Webseiten \u00fcber \u00d6sterreichs Bundesheer der 1. und 2. Republik<\/a><\/li>\n<li><a href=\"https:\/\/www.doppeladler.com\/da\/links\/links-sonstige\/\"><strong>Weitere Themen<\/strong> &#8211; hier finden Sie weitere interessante Links<\/a><\/li>\n<\/ul>\n<p>Sie kennen einen wichtigen Link der hier fehlt? Nehmen Sie mit uns Kontakt auf!<\/p>\n","protected":false},"excerpt":{"rendered":"<p>Unser Linkverzeichnis nach Kategorien: k.u.k. Monarchie &#8211; hier finden Sie unsere Link-Empfehlungen zu Webseiten, die sich mit \u00d6sterreichs Milit\u00e4rgeschichte bis zum Jahr 1918 befassen Bundesheer &#8211; hier finden Sie unsere&hellip;<\/p>\n","protected":false},"author":1,"featured_media":0,"parent":0,"menu_order":0,"comment_status":"open","ping_status":"open","template":"","meta":{"footnotes":""},"yoast_head":"<!-- This site is optimized with the Yoast SEO plugin v23.3 - https:\/\/yoast.com\/wordpress\/plugins\/seo\/ -->\n<title>LINKS | DOPPELADLER.COM<\/title>\n<meta name=\"description\" content=\"Hier finden Sie unser Linkverzeichnis, geteilt in Verweise auf Seiten zur k.u.k. Monarchie, zum Bundesheer der 1. und 2. Republik sowie zu weiteren Themen.\" \/>\n<meta name=\"robots\" content=\"index, follow, max-snippet:-1, max-image-preview:large, max-video-preview:-1\" \/>\n<link rel=\"canonical\" href=\"https:\/\/www.doppeladler.com\/da\/links\/\" \/>\n<script type=\"application\/ld+json\" class=\"yoast-schema-graph\">{\"@context\":\"https:\/\/schema.org\",\"@graph\":[{\"@type\":\"WebPage\",\"@id\":\"https:\/\/www.doppeladler.com\/da\/links\/\",\"url\":\"https:\/\/www.doppeladler.com\/da\/links\/\",\"name\":\"LINKS | DOPPELADLER.COM\",\"isPartOf\":{\"@id\":\"https:\/\/www.doppeladler.com\/da\/#website\"},\"datePublished\":\"2010-12-29T19:40:34+00:00\",\"dateModified\":\"2011-06-16T08:30:09+00:00\",\"description\":\"Hier finden Sie unser Linkverzeichnis, geteilt in Verweise auf Seiten zur k.u.k. Monarchie, zum Bundesheer der 1. und 2. Republik sowie zu weiteren Themen.\",\"breadcrumb\":{\"@id\":\"https:\/\/www.doppeladler.com\/da\/links\/#breadcrumb\"},\"inLanguage\":\"de\",\"potentialAction\":[{\"@type\":\"ReadAction\",\"target\":[\"https:\/\/www.doppeladler.com\/da\/links\/\"]}]},{\"@type\":\"BreadcrumbList\",\"@id\":\"https:\/\/www.doppeladler.com\/da\/links\/#breadcrumb\",\"itemListElement\":[{\"@type\":\"ListItem\",\"position\":1,\"name\":\"Startseite\",\"item\":\"https:\/\/www.doppeladler.com\/da\/\"},{\"@type\":\"ListItem\",\"position\":2,\"name\":\"LINKS\"}]},{\"@type\":\"WebSite\",\"@id\":\"https:\/\/www.doppeladler.com\/da\/#website\",\"url\":\"https:\/\/www.doppeladler.com\/da\/\",\"name\":\"DOPPELADLER.COM\",\"description\":\"Plattform f\u00fcr \u00d6sterreichs Milit\u00e4rgeschichte\",\"potentialAction\":[{\"@type\":\"SearchAction\",\"target\":{\"@type\":\"EntryPoint\",\"urlTemplate\":\"https:\/\/www.doppeladler.com\/da\/?s={search_term_string}\"},\"query-input\":\"required name=search_term_string\"}],\"inLanguage\":\"de\"}]}<\/script>\n<!-- \/ Yoast SEO plugin. -->","yoast_head_json":{"title":"LINKS | DOPPELADLER.COM","description":"Hier finden Sie unser Linkverzeichnis, geteilt in Verweise auf Seiten zur k.u.k. Monarchie, zum Bundesheer der 1. und 2. Republik sowie zu weiteren Themen.","robots":{"index":"index","follow":"follow","max-snippet":"max-snippet:-1","max-image-preview":"max-image-preview:large","max-video-preview":"max-video-preview:-1"},"canonical":"https:\/\/www.doppeladler.com\/da\/links\/","schema":{"@context":"https:\/\/schema.org","@graph":[{"@type":"WebPage","@id":"https:\/\/www.doppeladler.com\/da\/links\/","url":"https:\/\/www.doppeladler.com\/da\/links\/","name":"LINKS | DOPPELADLER.COM","isPartOf":{"@id":"https:\/\/www.doppeladler.com\/da\/#website"},"datePublished":"2010-12-29T19:40:34+00:00","dateModified":"2011-06-16T08:30:09+00:00","description":"Hier finden Sie unser Linkverzeichnis, geteilt in Verweise auf Seiten zur k.u.k. Monarchie, zum Bundesheer der 1. und 2. Republik sowie zu weiteren Themen.","breadcrumb":{"@id":"https:\/\/www.doppeladler.com\/da\/links\/#breadcrumb"},"inLanguage":"de","potentialAction":[{"@type":"ReadAction","target":["https:\/\/www.doppeladler.com\/da\/links\/"]}]},{"@type":"BreadcrumbList","@id":"https:\/\/www.doppeladler.com\/da\/links\/#breadcrumb","itemListElement":[{"@type":"ListItem","position":1,"name":"Startseite","item":"https:\/\/www.doppeladler.com\/da\/"},{"@type":"ListItem","position":2,"name":"LINKS"}]},{"@type":"WebSite","@id":"https:\/\/www.doppeladler.com\/da\/#website","url":"https:\/\/www.doppeladler.com\/da\/","name":"DOPPELADLER.COM","description":"Plattform f\u00fcr \u00d6sterreichs Milit\u00e4rgeschichte","potentialAction":[{"@type":"SearchAction","target":{"@type":"EntryPoint","urlTemplate":"https:\/\/www.doppeladler.com\/da\/?s={search_term_string}"},"query-input":"required name=search_term_string"}],"inLanguage":"de"}]}},"_links":{"self":[{"href":"https:\/\/www.doppeladler.com\/da\/wp-json\/wp\/v2\/pages\/168"}],"collection":[{"href":"https:\/\/www.doppeladler.com\/da\/wp-json\/wp\/v2\/pages"}],"about":[{"href":"https:\/\/www.doppeladler.com\/da\/wp-json\/wp\/v2\/types\/page"}],"author":[{"embeddable":true,"href":"https:\/\/www.doppeladler.com\/da\/wp-json\/wp\/v2\/users\/1"}],"replies":[{"embeddable":true,"href":"https:\/\/www.doppeladler.com\/da\/wp-json\/wp\/v2\/comments?post=168"}],"version-history":[{"count":0,"href":"https:\/\/www.doppeladler.com\/da\/wp-json\/wp\/v2\/pages\/168\/revisions"}],"wp:attachment":[{"href":"https:\/\/www.doppeladler.com\/da\/wp-json\/wp\/v2\/media?parent=168"}],"curies":[{"name":"wp","href":"https:\/\/api.w.org\/{rel}","templated":true}]}}