{"id":162,"date":"2010-12-29T08:35:16","date_gmt":"2010-12-29T07:35:16","guid":{"rendered":"http:\/\/www.doppeladler.com\/da\/?page_id=162"},"modified":"2025-08-22T16:00:51","modified_gmt":"2025-08-22T14:00:51","slug":"rss-newsletter","status":"publish","type":"page","link":"https:\/\/www.doppeladler.com\/da\/rss-newsletter\/","title":{"rendered":"BLEIBEN WIR IN VERBINDUNG!"},"content":{"rendered":"<p>Es gibt viele M\u00f6glichkeiten mit DOPPELADLER.COM in Kontakt zu bleiben und regelm\u00e4\u00dfig Informationen \u00fcber neue Artikel und Updates zu erhalten.<\/p>\n<h2>RSS FEED ABONNIEREN<\/h2>\n<p>Mit RSS Feeds bieten wir unseren Besuchern eine einfache M\u00f6glichkeit \u00fcber alle \u00c4nderungen auf unseren Seiten nahezu in Echtzeit informiert zu werden. Ein RSS Feed ist eine standardisierte und plattform-unabh\u00e4ngige XML-Datei. RSS Feeds kann man mit modernen Webbrowsern (\u201edynamische Lesezeichen\u201c), E-Mail Programmen oder auch an modernen Mobiltelefonen ansehen bzw. abonnieren.<\/p>\n<p>DOPPELADLER.COM derzeit bietet zwei Feeds an:<\/p>\n<ul>\n<li><a title=\"Link zum Doppeladler.com Newsfeed\" href=\"https:\/\/www.doppeladler.com\/da\/?feed=rss2\" target=\"_blank\" rel=\"noopener\"><strong>DOPPELADLER.COM Newsfeed <\/strong><\/a>&#8211; f\u00fcr alle, die \u00fcber Updates auf Doppeladler.com informiert werden m\u00f6chten.<\/li>\n<li><strong><a title=\"Link zum Feed der Forumsbeitr\u00e4ge\" href=\"https:\/\/www.doppeladler.com\/da\/forum\/app.php\/feed\" target=\"_blank\" rel=\"noopener\">Feed der Forumsbeitr\u00e4ge <\/a>&#8211; <\/strong>f\u00fcr alle, die \u00fcber jeden einzelnen Beitrag im Forum informiert werden m\u00f6chten.<\/li>\n<\/ul>\n<p>Weitere Informationen \u00fcber RSS Feeds und wie man diese Informationen abonnieren kann finden Sie hier: <a title=\"Link zu weiteren Informationen zu RSS Feeds\" href=\"http:\/\/www.rss-verzeichnis.de\/was-ist-rss.php\" target=\"_blank\" rel=\"noopener\">http:\/\/www.rss-verzeichnis.de\/was-ist-rss.php<\/a><\/p>\n<h2>UNSER FORUM<\/h2>\n<p>Werden Sie Mitglied in unserer Forumsgemeinschaft! Unser Forum hat sich als lebendige und sachliche Diskussionsplattform zu Themen der \u00f6sterreichischen Milit\u00e4rgeschichte etabliert.\u00a0 Einige Vorteile, die sich aus einer Registrierung ergeben:<br \/>\n-) Registrierte Nutzer werden, wenn sie das w\u00fcnschen, beim Wiedereinstieg wiedererkannt. Beitr\u00e4ge, die der Nutzer noch nicht kennt werden markiert und k\u00f6nnen auch auf Knopfdruck angezeigt werden.<br \/>\n-) Registrierte Nutzer k\u00f6nnen Ihre eigenen Beitr\u00e4ge \u00e4ndern oder sogar l\u00f6schen.<\/p>\n<p>Link: <a title=\"Link in unser Forum\" href=\"https:\/\/www.doppeladler.com\/da\/forum\" target=\"_self\" rel=\"noopener\">DOPPELADLER.COM Forum<\/a><\/p>\n<h2>DOPPELADLER AUF FACEBOOK<strong><br \/>\n<\/strong><\/h2>\n<p>DOPPELADLER.COM hat eine eigene Facebook-Seite, die laufend \u00fcber Neuigkeiten auf unseren Seiten informiert.\u00a0 Durch den Klick auf den &#8222;Gef\u00e4llt mir&#8220; Button erhalten Sie aktuelle Infos direkt auf Ihre Facebook Startseite.<\/p>\n<p>Link: <a title=\" Link zu unserer Facebook-Seite\" href=\"http:\/\/www.facebook.com\/pages\/DOPPELADLERCOM\/187228678779\" target=\"_blank\" rel=\"noopener\">DOPPELADLER.COM auf Facebook<\/a><\/p>\n<h2>DOPPELADLER AUF X<\/h2>\n<p>Auch Doppeladler k\u00f6nnen &#8222;zwitschern&#8220;. Auf X (ehemals Twitter) berichten wir ebenfalls \u00fcber neue Beitr\u00e4ge und News rund um das Bundesheer.<\/p>\n<p>Link: <a title=\"Link zu unserer Twitter-Seite\" href=\"https:\/\/x.com\/Doppeladler\" target=\"_blank\" rel=\"noopener\">DOPPELADLER.COM auf X<\/a><\/p>\n<h2>WEITERE SOCIAL MEDIA LINKS<\/h2>\n<p><strong>Linkedin<\/strong>: <a href=\"https:\/\/www.linkedin.com\/company\/doppeladler-com\" target=\"_blank\" rel=\"noopener\">https:\/\/www.linkedin.com\/company\/doppeladler-com<\/a><\/p>\n<p><strong>Bluesky<\/strong>: <a href=\"https:\/\/bsky.app\/profile\/doppeladler.bsky.social\" target=\"_blank\" rel=\"noopener\">https:\/\/bsky.app\/profile\/doppeladler.bsky.social<\/a><\/p>\n<p><strong>Instagram<\/strong>: <a href=\"https:\/\/www.instagram.com\/doppeladler_com\/\" target=\"_blank\" rel=\"noopener\">https:\/\/www.instagram.com\/doppeladler_com\/<\/a><\/p>\n<p><strong>Threads<\/strong>: <a href=\"https:\/\/www.threads.com\/@doppeladler_com\" target=\"_blank\" rel=\"noopener\">https:\/\/www.threads.com\/@doppeladler_com<\/a><\/p>\n<p><strong>WhatsApp<\/strong>: <a href=\"https:\/\/www.whatsapp.com\/channel\/0029Vb4FJCx90x2uXTpZr53I\" target=\"_blank\" rel=\"noopener\">https:\/\/www.whatsapp.com\/channel\/0029Vb4FJCx90x2uXTpZr53I<\/a><\/p>\n<p>Bitte beachten: Alle oben angef\u00fchrten Angebote k\u00f6nnen jederzeit ohne Vorwarnung beendet werden. Teilweise sind die Angebote von der Verf\u00fcgbarkeit von Online-Diensten abh\u00e4ngig, die sich au\u00dferhalb unserer Einflusssph\u00e4re befinden.<\/p>\n","protected":false},"excerpt":{"rendered":"<p>Es gibt viele M\u00f6glichkeiten mit DOPPELADLER.COM in Kontakt zu bleiben und regelm\u00e4\u00dfig Informationen \u00fcber neue Artikel und Updates zu erhalten. RSS FEED ABONNIEREN Mit RSS Feeds bieten wir unseren Besuchern&hellip;<\/p>\n","protected":false},"author":1,"featured_media":0,"parent":0,"menu_order":0,"comment_status":"open","ping_status":"open","template":"","meta":{"footnotes":""},"yoast_head":"<!-- This site is optimized with the Yoast SEO plugin v23.3 - https:\/\/yoast.com\/wordpress\/plugins\/seo\/ -->\n<title>BLEIBEN WIR IN VERBINDUNG! | DOPPELADLER.COM<\/title>\n<meta name=\"description\" content=\"Bleiben wir in Verbindung! So halten wir \u00fcber RSS Feeds, Facebook, Twitter, \u00fcber eMail Newsletter oder \u00fcber unser Forum Kontakt mit unseren Lesern.\" \/>\n<meta name=\"robots\" content=\"index, follow, max-snippet:-1, max-image-preview:large, max-video-preview:-1\" \/>\n<link rel=\"canonical\" href=\"https:\/\/www.doppeladler.com\/da\/rss-newsletter\/\" \/>\n<meta name=\"twitter:label1\" content=\"Gesch\u00e4tzte Lesezeit\" \/>\n\t<meta name=\"twitter:data1\" content=\"2\u00a0Minuten\" \/>\n<script type=\"application\/ld+json\" class=\"yoast-schema-graph\">{\"@context\":\"https:\/\/schema.org\",\"@graph\":[{\"@type\":\"WebPage\",\"@id\":\"https:\/\/www.doppeladler.com\/da\/rss-newsletter\/\",\"url\":\"https:\/\/www.doppeladler.com\/da\/rss-newsletter\/\",\"name\":\"BLEIBEN WIR IN VERBINDUNG! | DOPPELADLER.COM\",\"isPartOf\":{\"@id\":\"https:\/\/www.doppeladler.com\/da\/#website\"},\"datePublished\":\"2010-12-29T07:35:16+00:00\",\"dateModified\":\"2025-08-22T14:00:51+00:00\",\"description\":\"Bleiben wir in Verbindung! So halten wir \u00fcber RSS Feeds, Facebook, Twitter, \u00fcber eMail Newsletter oder \u00fcber unser Forum Kontakt mit unseren Lesern.\",\"breadcrumb\":{\"@id\":\"https:\/\/www.doppeladler.com\/da\/rss-newsletter\/#breadcrumb\"},\"inLanguage\":\"de\",\"potentialAction\":[{\"@type\":\"ReadAction\",\"target\":[\"https:\/\/www.doppeladler.com\/da\/rss-newsletter\/\"]}]},{\"@type\":\"BreadcrumbList\",\"@id\":\"https:\/\/www.doppeladler.com\/da\/rss-newsletter\/#breadcrumb\",\"itemListElement\":[{\"@type\":\"ListItem\",\"position\":1,\"name\":\"Startseite\",\"item\":\"https:\/\/www.doppeladler.com\/da\/\"},{\"@type\":\"ListItem\",\"position\":2,\"name\":\"BLEIBEN WIR IN VERBINDUNG!\"}]},{\"@type\":\"WebSite\",\"@id\":\"https:\/\/www.doppeladler.com\/da\/#website\",\"url\":\"https:\/\/www.doppeladler.com\/da\/\",\"name\":\"DOPPELADLER.COM\",\"description\":\"Plattform f\u00fcr \u00d6sterreichs Milit\u00e4rgeschichte\",\"potentialAction\":[{\"@type\":\"SearchAction\",\"target\":{\"@type\":\"EntryPoint\",\"urlTemplate\":\"https:\/\/www.doppeladler.com\/da\/?s={search_term_string}\"},\"query-input\":\"required name=search_term_string\"}],\"inLanguage\":\"de\"}]}<\/script>\n<!-- \/ Yoast SEO plugin. -->","yoast_head_json":{"title":"BLEIBEN WIR IN VERBINDUNG! | DOPPELADLER.COM","description":"Bleiben wir in Verbindung! So halten wir \u00fcber RSS Feeds, Facebook, Twitter, \u00fcber eMail Newsletter oder \u00fcber unser Forum Kontakt mit unseren Lesern.","robots":{"index":"index","follow":"follow","max-snippet":"max-snippet:-1","max-image-preview":"max-image-preview:large","max-video-preview":"max-video-preview:-1"},"canonical":"https:\/\/www.doppeladler.com\/da\/rss-newsletter\/","twitter_misc":{"Gesch\u00e4tzte Lesezeit":"2\u00a0Minuten"},"schema":{"@context":"https:\/\/schema.org","@graph":[{"@type":"WebPage","@id":"https:\/\/www.doppeladler.com\/da\/rss-newsletter\/","url":"https:\/\/www.doppeladler.com\/da\/rss-newsletter\/","name":"BLEIBEN WIR IN VERBINDUNG! | DOPPELADLER.COM","isPartOf":{"@id":"https:\/\/www.doppeladler.com\/da\/#website"},"datePublished":"2010-12-29T07:35:16+00:00","dateModified":"2025-08-22T14:00:51+00:00","description":"Bleiben wir in Verbindung! So halten wir \u00fcber RSS Feeds, Facebook, Twitter, \u00fcber eMail Newsletter oder \u00fcber unser Forum Kontakt mit unseren Lesern.","breadcrumb":{"@id":"https:\/\/www.doppeladler.com\/da\/rss-newsletter\/#breadcrumb"},"inLanguage":"de","potentialAction":[{"@type":"ReadAction","target":["https:\/\/www.doppeladler.com\/da\/rss-newsletter\/"]}]},{"@type":"BreadcrumbList","@id":"https:\/\/www.doppeladler.com\/da\/rss-newsletter\/#breadcrumb","itemListElement":[{"@type":"ListItem","position":1,"name":"Startseite","item":"https:\/\/www.doppeladler.com\/da\/"},{"@type":"ListItem","position":2,"name":"BLEIBEN WIR IN VERBINDUNG!"}]},{"@type":"WebSite","@id":"https:\/\/www.doppeladler.com\/da\/#website","url":"https:\/\/www.doppeladler.com\/da\/","name":"DOPPELADLER.COM","description":"Plattform f\u00fcr \u00d6sterreichs Milit\u00e4rgeschichte","potentialAction":[{"@type":"SearchAction","target":{"@type":"EntryPoint","urlTemplate":"https:\/\/www.doppeladler.com\/da\/?s={search_term_string}"},"query-input":"required name=search_term_string"}],"inLanguage":"de"}]}},"_links":{"self":[{"href":"https:\/\/www.doppeladler.com\/da\/wp-json\/wp\/v2\/pages\/162"}],"collection":[{"href":"https:\/\/www.doppeladler.com\/da\/wp-json\/wp\/v2\/pages"}],"about":[{"href":"https:\/\/www.doppeladler.com\/da\/wp-json\/wp\/v2\/types\/page"}],"author":[{"embeddable":true,"href":"https:\/\/www.doppeladler.com\/da\/wp-json\/wp\/v2\/users\/1"}],"replies":[{"embeddable":true,"href":"https:\/\/www.doppeladler.com\/da\/wp-json\/wp\/v2\/comments?post=162"}],"version-history":[{"count":2,"href":"https:\/\/www.doppeladler.com\/da\/wp-json\/wp\/v2\/pages\/162\/revisions"}],"predecessor-version":[{"id":18870,"href":"https:\/\/www.doppeladler.com\/da\/wp-json\/wp\/v2\/pages\/162\/revisions\/18870"}],"wp:attachment":[{"href":"https:\/\/www.doppeladler.com\/da\/wp-json\/wp\/v2\/media?parent=162"}],"curies":[{"name":"wp","href":"https:\/\/api.w.org\/{rel}","templated":true}]}}